{"id":167,"date":"2018-04-10T16:40:48","date_gmt":"2018-04-10T16:40:48","guid":{"rendered":"http:\/\/www.inthmood.com\/product\/calcoes-cintura-alta-as-riscas\/"},"modified":"2021-04-09T20:55:47","modified_gmt":"2021-04-09T20:55:47","slug":"calcoes-cintura-alta-as-riscas","status":"publish","type":"product","link":"https:\/\/www.inthmood.com\/en\/shop\/calcoes\/calcoes-cintura-alta-as-riscas\/","title":{"rendered":"STRIPED HIGH WAIST SHORTS"},"content":{"rendered":"<span title=\"\">Striped high waist shorts.<\/span><\/p>\n<p><span class=\"\" title=\"\">Side and concealed closure at the seam.<\/span>","protected":false},"excerpt":{"rendered":"<p>CAL\u00c7\u00d5ES CINTURA ALTA \u00c0S RISCAS<\/p>\n","protected":false},"featured_media":169,"comment_status":"closed","ping_status":"closed","template":"","meta":{"_mi_skip_tracking":false},"class_list":{"0":"post-167","1":"product","2":"type-product","3":"status-publish","4":"has-post-thumbnail","6":"product_cat-calcoes","7":"product_cat-shorts","8":"product_tag-nova-colecao","10":"first","11":"instock","12":"taxable","13":"shipping-taxable","14":"purchasable","15":"product-type-variable","16":"has-default-attributes"},"_links":{"self":[{"href":"https:\/\/www.inthmood.com\/en\/wp-json\/wp\/v2\/product\/167","targetHints":{"allow":["GET"]}}],"collection":[{"href":"https:\/\/www.inthmood.com\/en\/wp-json\/wp\/v2\/product"}],"about":[{"href":"https:\/\/www.inthmood.com\/en\/wp-json\/wp\/v2\/types\/product"}],"replies":[{"embeddable":true,"href":"https:\/\/www.inthmood.com\/en\/wp-json\/wp\/v2\/comments?post=167"}],"wp:featuredmedia":[{"embeddable":true,"href":"https:\/\/www.inthmood.com\/en\/wp-json\/wp\/v2\/media\/169"}],"wp:attachment":[{"href":"https:\/\/www.inthmood.com\/en\/wp-json\/wp\/v2\/media?parent=167"}],"curies":[{"name":"wp","href":"https:\/\/api.w.org\/{rel}","templated":true}]}}