{"id":3344,"date":"2022-09-30T21:28:00","date_gmt":"2022-09-30T20:28:00","guid":{"rendered":"https:\/\/www.inthmood.com\/?post_type=product&#038;p=3344"},"modified":"2022-09-30T21:29:32","modified_gmt":"2022-09-30T20:29:32","slug":"blusa-cetim-mangas-franzidas","status":"publish","type":"product","link":"https:\/\/www.inthmood.com\/en\/shop\/blusas-camisas-tunicas\/blusa-cetim-mangas-franzidas\/","title":{"rendered":"RUCHED SLEEVES SATIN SHIRT"},"content":{"rendered":"\n<p>Blusa com decote em bico e pormenor de bot\u00f5es decorativos \u00e0 frente<br>Mangas at\u00e9 ao cotovelo franzidas<br>Cintura el\u00e1stica com folho.<\/p>\n","protected":false},"excerpt":{"rendered":"<p>Blusa com decote em bico e pormenor de bot\u00f5es decorativos \u00e0 frenteMangas at\u00e9 ao cotovelo franzidasCintura el\u00e1stica com folho.<\/p>\n","protected":false},"featured_media":3346,"comment_status":"open","ping_status":"closed","template":"","meta":{"_mi_skip_tracking":false},"class_list":{"0":"post-3344","1":"product","2":"type-product","3":"status-publish","4":"has-post-thumbnail","6":"product_cat-nova-colecao","7":"product_cat-blusas-camisas-tunicas","8":"product_cat-blouses","10":"first","11":"instock","12":"taxable","13":"shipping-taxable","14":"purchasable","15":"product-type-variable","16":"has-default-attributes"},"_links":{"self":[{"href":"https:\/\/www.inthmood.com\/en\/wp-json\/wp\/v2\/product\/3344","targetHints":{"allow":["GET"]}}],"collection":[{"href":"https:\/\/www.inthmood.com\/en\/wp-json\/wp\/v2\/product"}],"about":[{"href":"https:\/\/www.inthmood.com\/en\/wp-json\/wp\/v2\/types\/product"}],"replies":[{"embeddable":true,"href":"https:\/\/www.inthmood.com\/en\/wp-json\/wp\/v2\/comments?post=3344"}],"wp:featuredmedia":[{"embeddable":true,"href":"https:\/\/www.inthmood.com\/en\/wp-json\/wp\/v2\/media\/3346"}],"wp:attachment":[{"href":"https:\/\/www.inthmood.com\/en\/wp-json\/wp\/v2\/media?parent=3344"}],"curies":[{"name":"wp","href":"https:\/\/api.w.org\/{rel}","templated":true}]}}