{"id":3398,"date":"2019-11-23T17:01:47","date_gmt":"2019-11-23T17:01:47","guid":{"rendered":"https:\/\/www.inthmood.com\/?post_type=product&#038;p=3398"},"modified":"2020-12-23T13:47:56","modified_gmt":"2020-12-23T13:47:56","slug":"sapatilhas-brina-preto","status":"publish","type":"product","link":"https:\/\/www.inthmood.com\/en\/shop\/shoes\/sapatilhas-brina-preto\/","title":{"rendered":"BLACK BRINA SNEAKERS"},"content":{"rendered":"<p>T\u00e9nis de cor preta. Corte em pele combinada com tecido el\u00e1stico.<\/p>\n<p>Pe\u00e7as em combina\u00e7\u00e3o de materiais na parte traseira e na biqueira.<\/p>\n<p>Puxador traseiro. Sola com cor a contrastar.<\/p>\nChunky soled sneakers","protected":false},"excerpt":{"rendered":"<p>T\u00e9nis de cor preta. Corte em pele combinada com tecido el\u00e1stico. Pe\u00e7as em combina\u00e7\u00e3o de materiais na parte traseira e na biqueira. Puxador traseiro. Sola com cor a contrastar. Chunky soled sneakers<\/p>\n","protected":false},"featured_media":4073,"comment_status":"open","ping_status":"closed","template":"","meta":{"_mi_skip_tracking":false},"class_list":{"0":"post-3398","1":"product","2":"type-product","3":"status-publish","4":"has-post-thumbnail","6":"product_cat-nova-colecao","7":"product_cat-shoes","8":"product_cat-desportivas","10":"first","11":"instock","12":"taxable","13":"shipping-taxable","14":"purchasable","15":"product-type-variable","16":"has-default-attributes"},"_links":{"self":[{"href":"https:\/\/www.inthmood.com\/en\/wp-json\/wp\/v2\/product\/3398","targetHints":{"allow":["GET"]}}],"collection":[{"href":"https:\/\/www.inthmood.com\/en\/wp-json\/wp\/v2\/product"}],"about":[{"href":"https:\/\/www.inthmood.com\/en\/wp-json\/wp\/v2\/types\/product"}],"replies":[{"embeddable":true,"href":"https:\/\/www.inthmood.com\/en\/wp-json\/wp\/v2\/comments?post=3398"}],"wp:featuredmedia":[{"embeddable":true,"href":"https:\/\/www.inthmood.com\/en\/wp-json\/wp\/v2\/media\/4073"}],"wp:attachment":[{"href":"https:\/\/www.inthmood.com\/en\/wp-json\/wp\/v2\/media?parent=3398"}],"curies":[{"name":"wp","href":"https:\/\/api.w.org\/{rel}","templated":true}]}}